{"id":6,"date":"2019-11-26T12:22:54","date_gmt":"2019-11-26T12:22:54","guid":{"rendered":"https:\/\/demosites.io\/blogger-gb\/?page_id=5"},"modified":"2023-04-11T12:58:36","modified_gmt":"2023-04-11T12:58:36","slug":"582c1-blogger-gb-home","status":"publish","type":"page","link":"https:\/\/korbel-austria.com\/","title":{"rendered":"Home"},"content":{"rendered":"\n<section id=\"gm7327953\" class=\"wp-block-gutentor-m3 section-gm7327953 gutentor-module gutentor-container-cover has-image-bg has-custom-bg has-gutentor-overlay\"><div class=\"grid-container\">\n<div style=\"height:56px\" aria-hidden=\"true\" class=\"wp-block-spacer\"><\/div>\n\n\n\n<h2 class=\"wp-block-heading has-text-align-center has-nv-site-bg-color has-text-color\">Merchandising<br>FASHION<\/h2>\n\n\n\n<p class=\"has-nv-text-dark-bg-color has-text-color\">KORBEL AUSTRIA ist ein 2004 gegr\u00fcndetes Unternehmen im Bereich nachhaltigem Merchandising sowie dem Handel und der Produktion von Firmen- und Sportbekleidung! In unserer hauseigenen Druckerei und Stickerei k\u00fcmmern wir uns auch gleich h\u00f6chstpers\u00f6nlich um die dazugeh\u00f6rige Veredelung!<\/p>\n\n\n\n<p class=\"has-nv-text-dark-bg-color has-text-color\">Auf Wunsch bieten wir auch in Kooperation mit erfahrenen Grafikern und Spezialisten ein Fulfillment inklusive passendem Shopsystem, Design-Visuals und allem, was sonst noch f\u00fcr einen perfekten und professionellen Auftritt notwendig ist!<\/p>\n\n\n\n<p class=\"has-nv-text-dark-bg-color has-text-color\">Wir arbeiten ausschlie\u00dflich mit Partnern, die unseren sehr hohen Qualit\u00e4tsanspr\u00fcchen gerecht werden! <\/p>\n\n\n\n<p class=\"has-nv-text-dark-bg-color has-text-color\">Als Familienunternehmen ist uns nat\u00fcrlich auch das Thema Nachhaltigkeit ein gro\u00dfes Anliegen! Deshalb ist es uns auch wichtig, dass unsere Textilien f\u00fcr den Merchandisingbereich ausschlie\u00dflich in Europa produziert werden! Hier haben wir mit Portugal und Polen 2 sehr zuverl\u00e4ssige Partnerunternehmen, die auch kleinere St\u00fcckzahlen und kurze und  schnelle Transportwege m\u00f6glich machen!<\/p>\n\n\n\n<p class=\"has-nv-text-dark-bg-color has-text-color\">Z\u00f6gern Sie nicht, einen unverbindlichen Termin unter +43664\/232 28 28 oder office@korbel-austria.com zu vereinbaren ;)!<\/p>\n\n\n\n<p class=\"has-nv-text-dark-bg-color has-text-color\">Die Entwicklung von Merchandising-Pl\u00e4nen, die Produktion der Produkte, ebenso wie die dahinterstehende Logistik und perfektes Visual Merchandising \u2013 das sind unsere St\u00e4rken!\u201c<\/p>\n\n\n\n<div style=\"height:56px\" aria-hidden=\"true\" class=\"wp-block-spacer\"><\/div>\n<\/div><\/section>\n\n\n\n\n\n<section id=\"gm9ef1bc9\" class=\"wp-block-gutentor-m3 section-gm9ef1bc9 gutentor-module gutentor-container-cover has-image-bg has-custom-bg g-valign-c-mobile g-valign-c-tablet g-valign-c-desktop\"><div class=\"grid-container\">\n<h2 class=\"wp-block-heading has-text-align-center has-nv-site-bg-color has-text-color\">Textilproduktionen<\/h2>\n<\/div><\/section>\n\n\n\n<section id=\"gmef0a2d5\" class=\"wp-block-gutentor-m3 section-gmef0a2d5 gutentor-module gutentor-container-cover has-image-bg has-custom-bg has-gutentor-overlay\"><div class=\"grid-container\">\n<div style=\"height:56px\" aria-hidden=\"true\" class=\"wp-block-spacer\"><\/div>\n\n\n\n<p class=\"has-nv-site-bg-color has-text-color\">Textilproduktionen geh\u00f6ren schon sehr lange zu unseren St\u00e4rken, da wir bei Standardtextilien und den genialen Ideen unseres Grafiker-Teams immer wieder an die Grenzen des Machbaren gesto\u00dfen sind ! Zu Beginn war dies allerdings immer nur in Fernost( China, Indien) m\u00f6glich, was hohe St\u00fcckzahlen und lange Lieferzeiten mit sich brachte! Zus\u00e4tzlich hat sich der Markt auch massiv ver\u00e4ndert und immer mehr unserer Gesch\u00e4ftspartner orientieren sich weg von der Massenware zu Dumpingpreisen und fordern faire Arbeitsbedingungen und qualitativ h\u00f6here Standards! Im J\u00e4nner 2016 bzw. 2023 konnten wir eine polnische bzw. portugiesische Textilproduktion  von unserer Philosophie \u00fcberzeugen und bieten nun gemeinsam mit unseren Grafikern individuelle L\u00f6sungen f\u00fcr all unsere Gesch\u00e4ftspartner zum besten Preis-Leistungsverh\u00e4ltnis und fairsten Bedingungen! Wir stehen f\u00fcr h\u00f6chste Qualit\u00e4tsanspr\u00fcche, faire Bedingungen und Umweltschutz! <\/p>\n\n\n\n<div style=\"height:56px\" aria-hidden=\"true\" class=\"wp-block-spacer\"><\/div>\n<\/div><\/section>\n\n\n\n\n\n<section id=\"gm3864d16\" class=\"wp-block-gutentor-m3 section-gm3864d16 gutentor-module gutentor-container-cover has-image-bg has-custom-bg g-valign-c-mobile g-valign-c-tablet g-valign-c-desktop\"><div class=\"grid-container\">\n<h2 class=\"wp-block-heading has-text-align-center has-nv-site-bg-color has-text-color\">Textilveredelung<\/h2>\n<\/div><\/section>\n\n\n\n<section id=\"gmf17dc35\" class=\"wp-block-gutentor-m3 section-gmf17dc35 gutentor-module gutentor-container-cover has-image-bg has-custom-bg has-gutentor-overlay\"><div class=\"grid-container\">\n<div style=\"height:56px\" aria-hidden=\"true\" class=\"wp-block-spacer\"><\/div>\n\n\n\n<p class=\"has-nv-site-bg-color has-text-color\">Der Bereich Textilveredelung mit Druck und Stick ist ein sehr umfangreicher Bereich und wir sind bestrebt, immer auf dem neuesten Stand der Technik zu sein! Die verschiedenen M\u00f6glichkeiten sehen Sie hier: FLOCK\/FLEX; Siebdruck\/Siebdruck-Transfer; DTF Druck; Sublimation; Stick; Stick-Patches, Sublimations-Patches; Rubber Patches ( gummierter Patch it 3D Effekt), Patch HD ( gewebte Form); Woven Labels! Sollten Fragen zu den einzelnen Techniken aufgetaucht sein, z\u00f6gere nicht und schick uns eine unverbindliche Anfrage;) <\/p>\n\n\n\n<p><\/p>\n\n\n\n<p>FL<\/p>\n\n\n\n<div style=\"height:56px\" aria-hidden=\"true\" class=\"wp-block-spacer\"><\/div>\n<\/div><\/section>\n\n\n\n\n\n<section id=\"gm63dcb7e\" class=\"wp-block-gutentor-m3 section-gm63dcb7e gutentor-module gutentor-container-cover has-image-bg has-custom-bg g-valign-c-mobile g-valign-c-tablet g-valign-c-desktop\"><div class=\"grid-container\">\n<h2 class=\"wp-block-heading has-text-align-center has-nv-site-bg-color has-text-color\">Sportartikel<\/h2>\n<\/div><\/section>\n\n\n\n<section id=\"gm247c7c3\" class=\"wp-block-gutentor-m3 section-gm247c7c3 gutentor-module gutentor-container-cover has-image-bg has-custom-bg has-gutentor-overlay\"><div class=\"grid-container\">\n<div style=\"height:56px\" aria-hidden=\"true\" class=\"wp-block-spacer\"><\/div>\n\n\n\n<p class=\"has-nv-site-bg-color has-text-color\">Im Sportbereich bieten wir neben den renommierten Sportartikelherstellern ERIMA, ADIDAS, NIKE,JAKO, HEAD, BABOLAT,&#8230; auch die M\u00f6glichkeit, Vereinskonzepte der Marke JOMA \u00fcber uns zu beziehen! JOMA ist ein spanischer Hersteller, der in punkto Preis-Leistung seinesgleichen sucht! <\/p>\n\n\n\n<p class=\"has-nv-site-bg-color has-text-color\"><\/p>\n\n\n\n<div style=\"height:56px\" aria-hidden=\"true\" class=\"wp-block-spacer\"><\/div>\n<\/div><\/section>\n\n\n","protected":false},"excerpt":{"rendered":"","protected":false},"author":1,"featured_media":0,"parent":0,"menu_order":0,"comment_status":"closed","ping_status":"closed","template":"page-templates\/template-pagebuilder-full-width.php","meta":{"_coblocks_attr":"","_coblocks_dimensions":"","_coblocks_responsive_height":"","_coblocks_accordion_ie_support":"","_uag_custom_page_level_css":"","neve_meta_sidebar":"full-width","neve_meta_container":"default","neve_meta_enable_content_width":"on","neve_meta_content_width":100,"neve_meta_title_alignment":"","neve_meta_author_avatar":"","neve_post_elements_order":"","neve_meta_disable_header":"","neve_meta_disable_footer":"","neve_meta_disable_title":"on","_themeisle_gutenberg_block_has_review":false,"footnotes":""},"class_list":["post-6","page","type-page","status-publish","hentry"],"uagb_featured_image_src":{"full":false,"thumbnail":false,"medium":false,"medium_large":false,"large":false,"1536x1536":false,"2048x2048":false,"neve-blog":false},"uagb_author_info":{"display_name":"admin","author_link":"https:\/\/korbel-austria.com\/?author=1"},"uagb_comment_info":0,"uagb_excerpt":null,"_links":{"self":[{"href":"https:\/\/korbel-austria.com\/index.php?rest_route=\/wp\/v2\/pages\/6","targetHints":{"allow":["GET"]}}],"collection":[{"href":"https:\/\/korbel-austria.com\/index.php?rest_route=\/wp\/v2\/pages"}],"about":[{"href":"https:\/\/korbel-austria.com\/index.php?rest_route=\/wp\/v2\/types\/page"}],"author":[{"embeddable":true,"href":"https:\/\/korbel-austria.com\/index.php?rest_route=\/wp\/v2\/users\/1"}],"replies":[{"embeddable":true,"href":"https:\/\/korbel-austria.com\/index.php?rest_route=%2Fwp%2Fv2%2Fcomments&post=6"}],"version-history":[{"count":71,"href":"https:\/\/korbel-austria.com\/index.php?rest_route=\/wp\/v2\/pages\/6\/revisions"}],"predecessor-version":[{"id":426,"href":"https:\/\/korbel-austria.com\/index.php?rest_route=\/wp\/v2\/pages\/6\/revisions\/426"}],"wp:attachment":[{"href":"https:\/\/korbel-austria.com\/index.php?rest_route=%2Fwp%2Fv2%2Fmedia&parent=6"}],"curies":[{"name":"wp","href":"https:\/\/api.w.org\/{rel}","templated":true}]}}