{"id":344,"date":"2022-07-21T22:27:12","date_gmt":"2022-07-21T22:27:12","guid":{"rendered":"https:\/\/silly-mccarthy.82-220-38-86.plesk.page\/?page_id=344"},"modified":"2022-11-16T17:21:12","modified_gmt":"2022-11-16T17:21:12","slug":"impressum","status":"publish","type":"page","link":"https:\/\/korbel-austria.com\/?page_id=344","title":{"rendered":"Impressum"},"content":{"rendered":"\n<p>F\u00fcr den Inhalt verantwortlich<\/p>\n\n\n\n<p>KORBEL AUSTRIA<br>Feldgasse 8<br>A-3550 Gobelsburg<br>+43 (0) 664 232 28 28<br>office@korbel-austria.com<\/p>\n\n\n\n<p>Programmierung und Umsetzung<\/p>\n\n\n\n<p>KASTNER media \u2013 www.kastner.tv<\/p>\n\n\n\n<p>Privacy Statement<br>Unser Online Auftritt stellt die Privatsph\u00e4re seiner Besucher sicher. Alle Ihre Daten, die an uns \u00fcbermittelt werden, behandeln wir vertraulich. Die Daten werden selbstverst\u00e4ndlich auch nicht an Dritte weitergegeben.<\/p>\n\n\n\n<p>Haftungshinweis<br>Wir sind bestrebt, unser Webangebot aktuell, inhaltlich richtig und vollst\u00e4ndig anzubieten. Das Auftreten von Fehlern kann dennoch nicht ausgeschlossen werden. Wir \u00fcbernehmen keine Haftung f\u00fcr die Aktualit\u00e4t, den Inhalt und die Vollst\u00e4ndigkeit der in ihrem Webangebot bereitgestellten Informationen. Wir distanzieren uns ausdr\u00fccklich von allen Inhalten aller gelinkten Seiten auf unserer Homepage und machen uns diese Inhalte nicht zu eigen. Diese Erkl\u00e4rung gilt f\u00fcr alle auf dieser Website angebrachten Links.<\/p>\n\n\n\n<p>Copyright<br>Inhalt und Struktur dieser Website sind urheberrechtlich gesch\u00fctzt. Die Vervielf\u00e4ltigung von Informationen oder Daten, die Verwendung von Texten, Textteilen oder Bildmaterial bedarf unserer vorherigen Zustimmung.<\/p>\n\n\n\n<p>Stand Mai 2022<\/p>\n","protected":false},"excerpt":{"rendered":"<p>F\u00fcr den Inhalt verantwortlich KORBEL AUSTRIAFeldgasse 8A-3550 Gobelsburg+43 (0) 664 232 28 28office@korbel-austria.com Programmierung und Umsetzung KASTNER media \u2013 www.kastner.tv Privacy StatementUnser Online Auftritt stellt die Privatsph\u00e4re seiner Besucher sicher. Alle Ihre Daten, die an uns \u00fcbermittelt werden, behandeln wir vertraulich. Die Daten werden selbstverst\u00e4ndlich auch nicht an Dritte weitergegeben. HaftungshinweisWir sind bestrebt, unser Webangebot&hellip;&nbsp;<a href=\"https:\/\/korbel-austria.com\/?page_id=344\" rel=\"bookmark\">Weiterlesen &raquo;<span class=\"screen-reader-text\">Impressum<\/span><\/a><\/p>\n","protected":false},"author":1,"featured_media":0,"parent":0,"menu_order":0,"comment_status":"closed","ping_status":"closed","template":"","meta":{"_coblocks_attr":"","_coblocks_dimensions":"","_coblocks_responsive_height":"","_coblocks_accordion_ie_support":"","_uag_custom_page_level_css":"","neve_meta_sidebar":"","neve_meta_container":"","neve_meta_enable_content_width":"","neve_meta_content_width":0,"neve_meta_title_alignment":"","neve_meta_author_avatar":"","neve_post_elements_order":"","neve_meta_disable_header":"","neve_meta_disable_footer":"","neve_meta_disable_title":"","_themeisle_gutenberg_block_has_review":false,"footnotes":""},"class_list":["post-344","page","type-page","status-publish","hentry"],"uagb_featured_image_src":{"full":false,"thumbnail":false,"medium":false,"medium_large":false,"large":false,"1536x1536":false,"2048x2048":false,"neve-blog":false},"uagb_author_info":{"display_name":"admin","author_link":"https:\/\/korbel-austria.com\/?author=1"},"uagb_comment_info":0,"uagb_excerpt":"F\u00fcr den Inhalt verantwortlich KORBEL AUSTRIAFeldgasse 8A-3550 Gobelsburg+43 (0) 664 232 28 28office@korbel-austria.com Programmierung und Umsetzung KASTNER media \u2013 www.kastner.tv Privacy StatementUnser Online Auftritt stellt die Privatsph\u00e4re seiner Besucher sicher. Alle Ihre Daten, die an uns \u00fcbermittelt werden, behandeln wir vertraulich. Die Daten werden selbstverst\u00e4ndlich auch nicht an Dritte weitergegeben. HaftungshinweisWir sind bestrebt, unser Webangebot&hellip;&nbsp;Weiterlesen&hellip;","_links":{"self":[{"href":"https:\/\/korbel-austria.com\/index.php?rest_route=\/wp\/v2\/pages\/344","targetHints":{"allow":["GET"]}}],"collection":[{"href":"https:\/\/korbel-austria.com\/index.php?rest_route=\/wp\/v2\/pages"}],"about":[{"href":"https:\/\/korbel-austria.com\/index.php?rest_route=\/wp\/v2\/types\/page"}],"author":[{"embeddable":true,"href":"https:\/\/korbel-austria.com\/index.php?rest_route=\/wp\/v2\/users\/1"}],"replies":[{"embeddable":true,"href":"https:\/\/korbel-austria.com\/index.php?rest_route=%2Fwp%2Fv2%2Fcomments&post=344"}],"version-history":[{"count":3,"href":"https:\/\/korbel-austria.com\/index.php?rest_route=\/wp\/v2\/pages\/344\/revisions"}],"predecessor-version":[{"id":385,"href":"https:\/\/korbel-austria.com\/index.php?rest_route=\/wp\/v2\/pages\/344\/revisions\/385"}],"wp:attachment":[{"href":"https:\/\/korbel-austria.com\/index.php?rest_route=%2Fwp%2Fv2%2Fmedia&parent=344"}],"curies":[{"name":"wp","href":"https:\/\/api.w.org\/{rel}","templated":true}]}}